{"id":2,"date":"2023-09-24T11:32:46","date_gmt":"2023-09-24T09:32:46","guid":{"rendered":"https:\/\/obcianska.sk\/?page_id=2"},"modified":"2024-06-05T10:02:49","modified_gmt":"2024-06-05T08:02:49","slug":"uvod","status":"publish","type":"page","link":"https:\/\/obcianska.sk\/","title":{"rendered":"Vitajte"},"content":{"rendered":"\n<p>Dostali ste sa na str\u00e1nku Ob\u010dianska n\u00e1uka od Mlad\u00ed, o.z. Niektor\u00ed sa u\u017e pozn\u00e1me z predn\u00e1\u0161ok, na niektor\u00e9 \u0161koly sme u\u017e nemali kapacity a pre niektor\u00fdch budeme \u00faplne nov\u00ed. Va\u0161i \u0161tudenti n\u00e1s ale dos\u0165 pravdepodobne poznaj\u00fa cez projekty Mlad\u00ed proti fa\u0161izmu, Mlad\u00ed za kl\u00edmu alebo Spr\u00e1vy Mlad\u00ed.<\/p>\n\n\n\n<p>Pripravili sme pre v\u00e1s vzdel\u00e1vacie vide\u00e1 na t\u00e9my ako vo\u013eby, E\u00da, NATO, kritick\u00e9 myslenie a \u010fal\u0161ie. Vide\u00e1 s\u00fa <strong>apolitick\u00e9<\/strong> a s\u00fa prim\u00e1rne ur\u010den\u00e9 <strong>stredo\u0161kol\u00e1kom<\/strong>.<\/p>\n\n\n\n<p>Vide\u00e1 s\u00fa dostupn\u00e9 <strong>zadarmo<\/strong>, n\u00e1jdete ich ni\u017e\u0161ie na tejto str\u00e1nke. Budeme radi, ke\u010f ich <strong>pou\u017eijete pri v\u00fduke<\/strong> a podel\u00edte sa o ne s \u010fal\u0161\u00edmi pedag\u00f3gmi. Va\u0161e sk\u00fasenosti, ot\u00e1zky \u010di fotky n\u00e1m m\u00f4\u017eete posla\u0165 na info@mladi.sk.<\/p>\n\n\n\n<p>Jednotliv\u00e9 <strong>vide\u00e1 na seba nadv\u00e4zuj\u00fa<\/strong>, preto je lep\u0161ie ich pozera\u0165 postupne.<\/p>\n\n\n\n<p>Tieto vide\u00e1 vznikli v\u010faka darcom, ktor\u00ed <a href=\"https:\/\/podpora.mladi.sk\">podporuj\u00fa na\u0161e zdru\u017eenie<\/a> a <a href=\"https:\/\/kampanpredemokraciu.sk\">Kampa\u0148 pre demokraciu.<\/a><\/p>\n\n\n\n<p>\ud83c\uddea\ud83c\uddfa Pozrite sa aj na n\u00e1\u0161 projekt vide\u00ed o <a href=\"https:\/\/tvoja.eu\">Eur\u00f3pskej \u00fanii &#8211; Tvoja E\u00da.<\/a><\/p>\n\n\n\n<h2 class=\"wp-block-heading\">Kognit\u00edvne skreslenia<\/h2>\n\n\n\n<div class=\"bunny-player\"><iframe src=\"https:\/\/iframe.mediadelivery.net\/embed\/158648\/e8d02aa8-028e-4f02-a6e7-01edffe02fbc?autoplay=false&#038;loop=false&#038;muted=false&#038;preload=true\" loading=\"lazy\" style=\"border:0;position:absolute;top:0;height:100%;width:100%;\" allow=\"accelerometer;gyroscope;autoplay;encrypted-media;picture-in-picture;\" allowfullscreen=\"true\"><\/iframe><\/div>\n\n\n\n<h2 class=\"wp-block-heading\">Volebn\u00fd syst\u00e9m<\/h2>\n\n\n\n<div class=\"bunny-player\"><iframe src=\"https:\/\/iframe.mediadelivery.net\/embed\/158648\/c394c49c-0529-4838-9cc0-04c9e3a1dc0a?autoplay=false&#038;loop=false&#038;muted=false&#038;preload=true\" loading=\"lazy\" style=\"border:0;position:absolute;top:0;height:100%;width:100%;\" allow=\"accelerometer;gyroscope;autoplay;encrypted-media;picture-in-picture;\" allowfullscreen=\"true\"><\/iframe><\/div>\n\n\n\n<h2 class=\"wp-block-heading\">Eur\u00f3pska \u00fania<\/h2>\n\n\n\n<div class=\"bunny-player\"><iframe src=\"https:\/\/iframe.mediadelivery.net\/embed\/158648\/7d48b5ae-ab13-40ec-a97e-77d00d1b2cf8?autoplay=false&#038;loop=false&#038;muted=false&#038;preload=true\" loading=\"lazy\" style=\"border:0;position:absolute;top:0;height:100%;width:100%;\" allow=\"accelerometer;gyroscope;autoplay;encrypted-media;picture-in-picture;\" allowfullscreen=\"true\"><\/iframe><\/div>\n\n\n\n<h2 class=\"wp-block-heading\">NATO<\/h2>\n\n\n\n<div class=\"bunny-player\"><iframe src=\"https:\/\/iframe.mediadelivery.net\/embed\/158648\/01f3826c-a3c0-4f74-ba6d-582e8ad81971?autoplay=false&#038;loop=false&#038;muted=false&#038;preload=true\" loading=\"lazy\" style=\"border:0;position:absolute;top:0;height:100%;width:100%;\" allow=\"accelerometer;gyroscope;autoplay;encrypted-media;picture-in-picture;\" allowfullscreen=\"true\"><\/iframe><\/div>\n\n\n\n<h2 class=\"wp-block-heading\">Prieskumy verejnej mienky<\/h2>\n\n\n\n<div class=\"bunny-player\"><iframe src=\"https:\/\/iframe.mediadelivery.net\/embed\/158648\/e171c58f-45cc-49c6-911c-9a99c94a348e?autoplay=false&#038;loop=false&#038;muted=false&#038;preload=true\" loading=\"lazy\" style=\"border:0;position:absolute;top:0;height:100%;width:100%;\" allow=\"accelerometer;gyroscope;autoplay;encrypted-media;picture-in-picture;\" allowfullscreen=\"true\"><\/iframe><\/div>\n","protected":false},"excerpt":{"rendered":"<p>Dostali ste sa na str\u00e1nku Ob\u010dianska n\u00e1uka od Mlad\u00ed, o.z. Niektor\u00ed sa u\u017e pozn\u00e1me z predn\u00e1\u0161ok, na niektor\u00e9 \u0161koly sme u\u017e nemali kapacity a pre niektor\u00fdch budeme \u00faplne nov\u00ed. Va\u0161i \u0161tudenti n\u00e1s ale dos\u0165 pravdepodobne poznaj\u00fa cez projekty Mlad\u00ed proti fa\u0161izmu, Mlad\u00ed za kl\u00edmu alebo Spr\u00e1vy Mlad\u00ed. Pripravili sme pre v\u00e1s vzdel\u00e1vacie vide\u00e1 na t\u00e9my &#8230; <a title=\"Vitajte\" class=\"read-more\" href=\"https:\/\/obcianska.sk\/\" aria-label=\"Pre\u010d\u00edtajte si viac o Vitajte\">\u010c\u00edta\u0165 viac<\/a><\/p>\n","protected":false},"author":1,"featured_media":0,"parent":0,"menu_order":0,"comment_status":"closed","ping_status":"closed","template":"","meta":{"footnotes":""},"class_list":["post-2","page","type-page","status-publish"],"_links":{"self":[{"href":"https:\/\/obcianska.sk\/index.php?rest_route=\/wp\/v2\/pages\/2","targetHints":{"allow":["GET"]}}],"collection":[{"href":"https:\/\/obcianska.sk\/index.php?rest_route=\/wp\/v2\/pages"}],"about":[{"href":"https:\/\/obcianska.sk\/index.php?rest_route=\/wp\/v2\/types\/page"}],"author":[{"embeddable":true,"href":"https:\/\/obcianska.sk\/index.php?rest_route=\/wp\/v2\/users\/1"}],"replies":[{"embeddable":true,"href":"https:\/\/obcianska.sk\/index.php?rest_route=%2Fwp%2Fv2%2Fcomments&post=2"}],"version-history":[{"count":5,"href":"https:\/\/obcianska.sk\/index.php?rest_route=\/wp\/v2\/pages\/2\/revisions"}],"predecessor-version":[{"id":48,"href":"https:\/\/obcianska.sk\/index.php?rest_route=\/wp\/v2\/pages\/2\/revisions\/48"}],"wp:attachment":[{"href":"https:\/\/obcianska.sk\/index.php?rest_route=%2Fwp%2Fv2%2Fmedia&parent=2"}],"curies":[{"name":"wp","href":"https:\/\/api.w.org\/{rel}","templated":true}]}}